{"id":1139,"date":"2025-06-17T10:01:27","date_gmt":"2025-06-17T08:01:27","guid":{"rendered":"https:\/\/1159finance.com\/mentions-legales\/"},"modified":"2025-07-14T08:23:07","modified_gmt":"2025-07-14T06:23:07","slug":"mentions-legales","status":"publish","type":"page","link":"https:\/\/1159finance.com\/fr\/mentions-legales\/","title":{"rendered":"Mentions l\u00e9gales"},"content":{"rendered":"[vc_row type=\u00a0\u00bbin_container\u00a0\u00bb full_screen_row_position=\u00a0\u00bbmiddle\u00a0\u00bb column_margin=\u00a0\u00bbdefault\u00a0\u00bb column_direction=\u00a0\u00bbdefault\u00a0\u00bb column_direction_tablet=\u00a0\u00bbdefault\u00a0\u00bb column_direction_phone=\u00a0\u00bbdefault\u00a0\u00bb scene_position=\u00a0\u00bbcenter\u00a0\u00bb top_padding=\u00a0\u00bb5%\u00a0\u00bb text_color=\u00a0\u00bbdark\u00a0\u00bb text_align=\u00a0\u00bbleft\u00a0\u00bb row_border_radius=\u00a0\u00bbnone\u00a0\u00bb row_border_radius_applies=\u00a0\u00bbbg\u00a0\u00bb overflow=\u00a0\u00bbvisible\u00a0\u00bb overlay_strength=\u00a0\u00bb0.3&Prime; gradient_direction=\u00a0\u00bbleft_to_right\u00a0\u00bb shape_divider_position=\u00a0\u00bbbottom\u00a0\u00bb bg_image_animation=\u00a0\u00bbnone\u00a0\u00bb shape_type=\u00a0\u00bb\u00a0\u00bb][vc_column column_padding=\u00a0\u00bbno-extra-padding\u00a0\u00bb column_padding_tablet=\u00a0\u00bbinherit\u00a0\u00bb column_padding_phone=\u00a0\u00bbinherit\u00a0\u00bb column_padding_position=\u00a0\u00bball\u00a0\u00bb column_element_spacing=\u00a0\u00bbdefault\u00a0\u00bb background_color_opacity=\u00a0\u00bb1&Prime; background_hover_color_opacity=\u00a0\u00bb1&Prime; column_shadow=\u00a0\u00bbnone\u00a0\u00bb column_border_radius=\u00a0\u00bbnone\u00a0\u00bb column_link_target=\u00a0\u00bb_self\u00a0\u00bb column_position=\u00a0\u00bbdefault\u00a0\u00bb gradient_direction=\u00a0\u00bbleft_to_right\u00a0\u00bb overlay_strength=\u00a0\u00bb0.3&Prime; width=\u00a0\u00bb1\/2&Prime; tablet_width_inherit=\u00a0\u00bbdefault\u00a0\u00bb tablet_text_alignment=\u00a0\u00bbdefault\u00a0\u00bb phone_text_alignment=\u00a0\u00bbdefault\u00a0\u00bb animation_type=\u00a0\u00bbdefault\u00a0\u00bb bg_image_animation=\u00a0\u00bbnone\u00a0\u00bb border_type=\u00a0\u00bbsimple\u00a0\u00bb column_border_width=\u00a0\u00bbnone\u00a0\u00bb column_border_style=\u00a0\u00bbsolid\u00a0\u00bb][image_with_animation image_url=\u00a0\u00bb41&Prime; image_size=\u00a0\u00bbfull\u00a0\u00bb animation_type=\u00a0\u00bbentrance\u00a0\u00bb animation=\u00a0\u00bbFade In\u00a0\u00bb hover_animation=\u00a0\u00bbnone\u00a0\u00bb alignment=\u00a0\u00bb\u00a0\u00bb border_radius=\u00a0\u00bbnone\u00a0\u00bb box_shadow=\u00a0\u00bbnone\u00a0\u00bb image_loading=\u00a0\u00bbdefault\u00a0\u00bb max_width=\u00a0\u00bbcustom\u00a0\u00bb margin_bottom=\u00a0\u00bb30&Prime; max_width_custom=\u00a0\u00bb200&Prime;][vc_column_text]<strong>1159 Finance GmbH<\/strong><br \/>\nKieselstra\u00dfe 6<br \/>\n51371 Leverkusen<br \/>\nAllemagne<\/p>\n<p><strong>T\u00e9l\u00e9phone :<\/strong> +49 (2173) 999 2160<br \/>\n<strong>E-mail :<\/strong> info(at)1159finance.com<\/p>\n<p><strong>Directeur g\u00e9n\u00e9ral :<\/strong> J\u00f6rg Henning Klekamp<br \/>\n<strong>Registre du commerce :<\/strong> Tribunal d&rsquo;instance de Cologne, HRB 106140<br \/>\n<strong>Num\u00e9ro d&rsquo;identification de la taxe sur la valeur ajout\u00e9e :<\/strong> DE 344 995 887<\/p>\n<p>Soci\u00e9t\u00e9 de recouvrement enregistr\u00e9e conform\u00e9ment au \u00a7 10 alin\u00e9a 1 phrase 1 n\u00b0 1 RDG<br \/>\n<a href=\"https:\/\/www.bundesjustizamt.de\/DE\/Themen\/ZentraleRegister\/Rechtsdienstleistungsregister\/Registersuche\/Registersuche_node.html\">Registre des services juridiques<\/a><br \/>\nNum\u00e9ro de dossier BfJ : 2024 0000 7133<br \/>\nAutorit\u00e9 de contr\u00f4le comp\u00e9tente :<br \/>\nBundesamt f\u00fcr Justiz, Referat VII 5 (RDG), Adenauerallee 99 &#8211; 103, 53113 Bonn<br \/>\n<a href=\"http:\/\/www.bundesjustizamt.de\/\">www.bundesjustizamt.de<\/a><br \/>\n<a href=\"mailto:rdg@bfj.bund.de\">rdg@bfj.bund.de<\/a><\/p>\n<p>En tant que prestataire de services de recouvrement, 1159 Finance GmbH est soumise \u00e0 des r\u00e8gles professionnelles particuli\u00e8res, \u00e0 savoir les r\u00e8gles de la loi sur les services juridiques (RDG) et l&rsquo;ordonnance relative \u00e0 la loi sur les services juridiques (RDV).<\/p>\n<p>L&rsquo;activit\u00e9 de prestataire de services de recouvrement est couverte par une assurance responsabilit\u00e9 civile professionnelle souscrite aupr\u00e8s de R+V Allgemeine Versicherung AG, Mittlerer Pfad 24, 70499 Stuttgart, Allemagne. La couverture g\u00e9ographique de l&rsquo;assurance est l&rsquo;Allemagne, les autres pays europ\u00e9ens et la Turquie. <\/p>\n<p>&nbsp;<\/p>\n<p>Nous ne sommes pas dispos\u00e9s \u00e0 participer \u00e0 des proc\u00e9dures de r\u00e8glement des litiges devant un organisme de conciliation des consommateurs et n&rsquo;y sommes pas tenus.<\/p>\n<p>&nbsp;<\/p>\n<p><strong>Cr\u00e9dits photographiques<\/strong><\/p>\n<p><em>Copyright des photos-portraits<\/em><\/p>\n<p>Le studio photo de D\u00fcsseldorf &#8211; Alexander Vejnovic<\/p>\n<p><a href=\"https:\/\/das-fotostudio-duesseldorf.de\/\">https:\/\/das-fotostudio-duesseldorf.de\/<\/a><\/p>\n<p><em>Plus de photos<\/em><\/p>\n<p>Le reste du mat\u00e9riel photographique provient du site <a href=\"https:\/\/unsplash.com\/\">https:\/\/unsplash.com\/<\/a> ou de nos partenaires.[\/vc_column_text][\/vc_column][vc_column column_padding=\u00a0\u00bbno-extra-padding\u00a0\u00bb column_padding_tablet=\u00a0\u00bbinherit\u00a0\u00bb column_padding_phone=\u00a0\u00bbinherit\u00a0\u00bb column_padding_position=\u00a0\u00bball\u00a0\u00bb column_element_spacing=\u00a0\u00bbdefault\u00a0\u00bb background_color_opacity=\u00a0\u00bb1&Prime; background_hover_color_opacity=\u00a0\u00bb1&Prime; column_shadow=\u00a0\u00bbnone\u00a0\u00bb column_border_radius=\u00a0\u00bbnone\u00a0\u00bb column_link_target=\u00a0\u00bb_self\u00a0\u00bb column_position=\u00a0\u00bbdefault\u00a0\u00bb gradient_direction=\u00a0\u00bbleft_to_right\u00a0\u00bb overlay_strength=\u00a0\u00bb0.3&Prime; width=\u00a0\u00bb1\/2&Prime; tablet_width_inherit=\u00a0\u00bbdefault\u00a0\u00bb tablet_text_alignment=\u00a0\u00bbdefault\u00a0\u00bb phone_text_alignment=\u00a0\u00bbdefault\u00a0\u00bb animation_type=\u00a0\u00bbdefault\u00a0\u00bb bg_image_animation=\u00a0\u00bbnone\u00a0\u00bb border_type=\u00a0\u00bbsimple\u00a0\u00bb column_border_width=\u00a0\u00bbnone\u00a0\u00bb column_border_style=\u00a0\u00bbsolid\u00a0\u00bb][image_with_animation image_url=\u00a0\u00bb41&Prime; image_size=\u00a0\u00bbfull\u00a0\u00bb animation_type=\u00a0\u00bbentrance\u00a0\u00bb animation=\u00a0\u00bbFade In\u00a0\u00bb hover_animation=\u00a0\u00bbnone\u00a0\u00bb alignment=\u00a0\u00bb\u00a0\u00bb border_radius=\u00a0\u00bbnone\u00a0\u00bb box_shadow=\u00a0\u00bbnone\u00a0\u00bb image_loading=\u00a0\u00bbdefault\u00a0\u00bb max_width=\u00a0\u00bbcustom\u00a0\u00bb margin_bottom=\u00a0\u00bb30&Prime; max_width_custom=\u00a0\u00bb200&Prime;][vc_column_text]<strong>1159 Finance GmbH, Leverkusen (DE) &#8211; Succursale Baar<\/strong><br \/>\nZugerstrasse 32<br \/>\n6340 Baar<br \/>\nSuisse<\/p>\n<p><strong>T\u00e9l\u00e9phone :<\/strong> +41 (41) 562 3337<br \/>\n<strong>E-mail :<\/strong> info(at)1159finance.com<\/p>\n<p><strong>Autoris\u00e9 \u00e0 signer les contrats :<\/strong> J\u00f6rg Henning Klekamp<br \/>\n<strong>Handelsregister:<\/strong> CH-170-90002430-9<br \/>\n<strong>Num\u00e9ro d&rsquo;identification de la taxe sur le chiffre d&rsquo;affaires :<\/strong> CHE 249 926 626<\/p>\n[\/vc_column_text][\/vc_column][\/vc_row]\n","protected":false},"excerpt":{"rendered":"<p>[vc_row type=\u00a0\u00bbin_container\u00a0\u00bb full_screen_row_position=\u00a0\u00bbmiddle\u00a0\u00bb column_margin=\u00a0\u00bbdefault\u00a0\u00bb column_direction=\u00a0\u00bbdefault\u00a0\u00bb column_direction_tablet=\u00a0\u00bbdefault\u00a0\u00bb column_direction_phone=\u00a0\u00bbdefault\u00a0\u00bb scene_position=\u00a0\u00bbcenter\u00a0\u00bb top_padding=\u00a0\u00bb5%\u00a0\u00bb text_color=\u00a0\u00bbdark\u00a0\u00bb text_align=\u00a0\u00bbleft\u00a0\u00bb row_border_radius=\u00a0\u00bbnone\u00a0\u00bb row_border_radius_applies=\u00a0\u00bbbg\u00a0\u00bb overflow=\u00a0\u00bbvisible\u00a0\u00bb overlay_strength=\u00a0\u00bb0.3&Prime; gradient_direction=\u00a0\u00bbleft_to_right\u00a0\u00bb shape_divider_position=\u00a0\u00bbbottom\u00a0\u00bb bg_image_animation=\u00a0\u00bbnone\u00a0\u00bb shape_type=\u00a0\u00bb\u00a0\u00bb][vc_column column_padding=\u00a0\u00bbno-extra-padding\u00a0\u00bb column_padding_tablet=\u00a0\u00bbinherit\u00a0\u00bb column_padding_phone=\u00a0\u00bbinherit\u00a0\u00bb column_padding_position=\u00a0\u00bball\u00a0\u00bb column_element_spacing=\u00a0\u00bbdefault\u00a0\u00bb background_color_opacity=\u00a0\u00bb1&Prime; background_hover_color_opacity=\u00a0\u00bb1&Prime; column_shadow=\u00a0\u00bbnone\u00a0\u00bb column_border_radius=\u00a0\u00bbnone\u00a0\u00bb column_link_target=\u00a0\u00bb_self\u00a0\u00bb column_position=\u00a0\u00bbdefault\u00a0\u00bb&#8230;<\/p>\n","protected":false},"author":3,"featured_media":0,"parent":0,"menu_order":0,"comment_status":"closed","ping_status":"closed","template":"","meta":{"footnotes":""},"class_list":["post-1139","page","type-page","status-publish"],"yoast_head":"<!-- This site is optimized with the Yoast SEO plugin v27.5 - https:\/\/yoast.com\/product\/yoast-seo-wordpress\/ -->\n<title>Mentions l\u00e9gales - 1159 Finance<\/title>\n<meta name=\"robots\" content=\"index, follow, max-snippet:-1, max-image-preview:large, max-video-preview:-1\" \/>\n<link rel=\"canonical\" href=\"https:\/\/1159finance.com\/fr\/mentions-legales\/\" \/>\n<meta property=\"og:locale\" content=\"fr_FR\" \/>\n<meta property=\"og:type\" content=\"article\" \/>\n<meta property=\"og:title\" content=\"Mentions l\u00e9gales - 1159 Finance\" \/>\n<meta property=\"og:description\" content=\"[vc_row type=\u00a0\u00bbin_container\u00a0\u00bb full_screen_row_position=\u00a0\u00bbmiddle\u00a0\u00bb column_margin=\u00a0\u00bbdefault\u00a0\u00bb column_direction=\u00a0\u00bbdefault\u00a0\u00bb column_direction_tablet=\u00a0\u00bbdefault\u00a0\u00bb column_direction_phone=\u00a0\u00bbdefault\u00a0\u00bb scene_position=\u00a0\u00bbcenter\u00a0\u00bb top_padding=\u00a0\u00bb5%\u00a0\u00bb text_color=\u00a0\u00bbdark\u00a0\u00bb text_align=\u00a0\u00bbleft\u00a0\u00bb row_border_radius=\u00a0\u00bbnone\u00a0\u00bb row_border_radius_applies=\u00a0\u00bbbg\u00a0\u00bb overflow=\u00a0\u00bbvisible\u00a0\u00bb overlay_strength=\u00a0\u00bb0.3&Prime; gradient_direction=\u00a0\u00bbleft_to_right\u00a0\u00bb shape_divider_position=\u00a0\u00bbbottom\u00a0\u00bb bg_image_animation=\u00a0\u00bbnone\u00a0\u00bb shape_type=\u00a0\u00bb\u00a0\u00bb][vc_column column_padding=\u00a0\u00bbno-extra-padding\u00a0\u00bb column_padding_tablet=\u00a0\u00bbinherit\u00a0\u00bb column_padding_phone=\u00a0\u00bbinherit\u00a0\u00bb column_padding_position=\u00a0\u00bball\u00a0\u00bb column_element_spacing=\u00a0\u00bbdefault\u00a0\u00bb background_color_opacity=\u00a0\u00bb1&Prime; background_hover_color_opacity=\u00a0\u00bb1&Prime; column_shadow=\u00a0\u00bbnone\u00a0\u00bb column_border_radius=\u00a0\u00bbnone\u00a0\u00bb column_link_target=\u00a0\u00bb_self\u00a0\u00bb column_position=\u00a0\u00bbdefault\u00a0\u00bb...\" \/>\n<meta property=\"og:url\" content=\"https:\/\/1159finance.com\/fr\/mentions-legales\/\" \/>\n<meta property=\"og:site_name\" content=\"1159 Finance\" \/>\n<meta property=\"article:modified_time\" content=\"2025-07-14T06:23:07+00:00\" \/>\n<meta name=\"twitter:card\" content=\"summary_large_image\" \/>\n<meta name=\"twitter:label1\" content=\"Dur\u00e9e de lecture estim\u00e9e\" \/>\n\t<meta name=\"twitter:data1\" content=\"3 minutes\" \/>\n<script type=\"application\/ld+json\" class=\"yoast-schema-graph\">{\"@context\":\"https:\\\/\\\/schema.org\",\"@graph\":[{\"@type\":\"WebPage\",\"@id\":\"https:\\\/\\\/1159finance.com\\\/fr\\\/mentions-legales\\\/\",\"url\":\"https:\\\/\\\/1159finance.com\\\/fr\\\/mentions-legales\\\/\",\"name\":\"Mentions l\u00e9gales - 1159 Finance\",\"isPartOf\":{\"@id\":\"https:\\\/\\\/1159finance.com\\\/fr\\\/#website\"},\"datePublished\":\"2025-06-17T08:01:27+00:00\",\"dateModified\":\"2025-07-14T06:23:07+00:00\",\"breadcrumb\":{\"@id\":\"https:\\\/\\\/1159finance.com\\\/fr\\\/mentions-legales\\\/#breadcrumb\"},\"inLanguage\":\"fr-FR\",\"potentialAction\":[{\"@type\":\"ReadAction\",\"target\":[\"https:\\\/\\\/1159finance.com\\\/fr\\\/mentions-legales\\\/\"]}]},{\"@type\":\"BreadcrumbList\",\"@id\":\"https:\\\/\\\/1159finance.com\\\/fr\\\/mentions-legales\\\/#breadcrumb\",\"itemListElement\":[{\"@type\":\"ListItem\",\"position\":1,\"name\":\"Startseite\",\"item\":\"https:\\\/\\\/1159finance.com\\\/fr\\\/lancement\\\/\"},{\"@type\":\"ListItem\",\"position\":2,\"name\":\"Mentions l\u00e9gales\"}]},{\"@type\":\"WebSite\",\"@id\":\"https:\\\/\\\/1159finance.com\\\/fr\\\/#website\",\"url\":\"https:\\\/\\\/1159finance.com\\\/fr\\\/\",\"name\":\"1159 Finance\",\"description\":\"Gemeinsam Positives erreichen\",\"publisher\":{\"@id\":\"https:\\\/\\\/1159finance.com\\\/fr\\\/#organization\"},\"potentialAction\":[{\"@type\":\"SearchAction\",\"target\":{\"@type\":\"EntryPoint\",\"urlTemplate\":\"https:\\\/\\\/1159finance.com\\\/fr\\\/?s={search_term_string}\"},\"query-input\":{\"@type\":\"PropertyValueSpecification\",\"valueRequired\":true,\"valueName\":\"search_term_string\"}}],\"inLanguage\":\"fr-FR\"},{\"@type\":\"Organization\",\"@id\":\"https:\\\/\\\/1159finance.com\\\/fr\\\/#organization\",\"name\":\"1159 Finance\",\"url\":\"https:\\\/\\\/1159finance.com\\\/fr\\\/\",\"logo\":{\"@type\":\"ImageObject\",\"inLanguage\":\"fr-FR\",\"@id\":\"https:\\\/\\\/1159finance.com\\\/fr\\\/#\\\/schema\\\/logo\\\/image\\\/\",\"url\":\"https:\\\/\\\/1159finance.com\\\/wp-content\\\/uploads\\\/2021\\\/05\\\/Logo_Regular.png\",\"contentUrl\":\"https:\\\/\\\/1159finance.com\\\/wp-content\\\/uploads\\\/2021\\\/05\\\/Logo_Regular.png\",\"width\":1763,\"height\":269,\"caption\":\"1159 Finance\"},\"image\":{\"@id\":\"https:\\\/\\\/1159finance.com\\\/fr\\\/#\\\/schema\\\/logo\\\/image\\\/\"}}]}<\/script>\n<!-- \/ Yoast SEO plugin. -->","yoast_head_json":{"title":"Mentions l\u00e9gales - 1159 Finance","robots":{"index":"index","follow":"follow","max-snippet":"max-snippet:-1","max-image-preview":"max-image-preview:large","max-video-preview":"max-video-preview:-1"},"canonical":"https:\/\/1159finance.com\/fr\/mentions-legales\/","og_locale":"fr_FR","og_type":"article","og_title":"Mentions l\u00e9gales - 1159 Finance","og_description":"[vc_row type=\u00a0\u00bbin_container\u00a0\u00bb full_screen_row_position=\u00a0\u00bbmiddle\u00a0\u00bb column_margin=\u00a0\u00bbdefault\u00a0\u00bb column_direction=\u00a0\u00bbdefault\u00a0\u00bb column_direction_tablet=\u00a0\u00bbdefault\u00a0\u00bb column_direction_phone=\u00a0\u00bbdefault\u00a0\u00bb scene_position=\u00a0\u00bbcenter\u00a0\u00bb top_padding=\u00a0\u00bb5%\u00a0\u00bb text_color=\u00a0\u00bbdark\u00a0\u00bb text_align=\u00a0\u00bbleft\u00a0\u00bb row_border_radius=\u00a0\u00bbnone\u00a0\u00bb row_border_radius_applies=\u00a0\u00bbbg\u00a0\u00bb overflow=\u00a0\u00bbvisible\u00a0\u00bb overlay_strength=\u00a0\u00bb0.3&Prime; gradient_direction=\u00a0\u00bbleft_to_right\u00a0\u00bb shape_divider_position=\u00a0\u00bbbottom\u00a0\u00bb bg_image_animation=\u00a0\u00bbnone\u00a0\u00bb shape_type=\u00a0\u00bb\u00a0\u00bb][vc_column column_padding=\u00a0\u00bbno-extra-padding\u00a0\u00bb column_padding_tablet=\u00a0\u00bbinherit\u00a0\u00bb column_padding_phone=\u00a0\u00bbinherit\u00a0\u00bb column_padding_position=\u00a0\u00bball\u00a0\u00bb column_element_spacing=\u00a0\u00bbdefault\u00a0\u00bb background_color_opacity=\u00a0\u00bb1&Prime; background_hover_color_opacity=\u00a0\u00bb1&Prime; column_shadow=\u00a0\u00bbnone\u00a0\u00bb column_border_radius=\u00a0\u00bbnone\u00a0\u00bb column_link_target=\u00a0\u00bb_self\u00a0\u00bb column_position=\u00a0\u00bbdefault\u00a0\u00bb...","og_url":"https:\/\/1159finance.com\/fr\/mentions-legales\/","og_site_name":"1159 Finance","article_modified_time":"2025-07-14T06:23:07+00:00","twitter_card":"summary_large_image","twitter_misc":{"Dur\u00e9e de lecture estim\u00e9e":"3 minutes"},"schema":{"@context":"https:\/\/schema.org","@graph":[{"@type":"WebPage","@id":"https:\/\/1159finance.com\/fr\/mentions-legales\/","url":"https:\/\/1159finance.com\/fr\/mentions-legales\/","name":"Mentions l\u00e9gales - 1159 Finance","isPartOf":{"@id":"https:\/\/1159finance.com\/fr\/#website"},"datePublished":"2025-06-17T08:01:27+00:00","dateModified":"2025-07-14T06:23:07+00:00","breadcrumb":{"@id":"https:\/\/1159finance.com\/fr\/mentions-legales\/#breadcrumb"},"inLanguage":"fr-FR","potentialAction":[{"@type":"ReadAction","target":["https:\/\/1159finance.com\/fr\/mentions-legales\/"]}]},{"@type":"BreadcrumbList","@id":"https:\/\/1159finance.com\/fr\/mentions-legales\/#breadcrumb","itemListElement":[{"@type":"ListItem","position":1,"name":"Startseite","item":"https:\/\/1159finance.com\/fr\/lancement\/"},{"@type":"ListItem","position":2,"name":"Mentions l\u00e9gales"}]},{"@type":"WebSite","@id":"https:\/\/1159finance.com\/fr\/#website","url":"https:\/\/1159finance.com\/fr\/","name":"1159 Finance","description":"Gemeinsam Positives erreichen","publisher":{"@id":"https:\/\/1159finance.com\/fr\/#organization"},"potentialAction":[{"@type":"SearchAction","target":{"@type":"EntryPoint","urlTemplate":"https:\/\/1159finance.com\/fr\/?s={search_term_string}"},"query-input":{"@type":"PropertyValueSpecification","valueRequired":true,"valueName":"search_term_string"}}],"inLanguage":"fr-FR"},{"@type":"Organization","@id":"https:\/\/1159finance.com\/fr\/#organization","name":"1159 Finance","url":"https:\/\/1159finance.com\/fr\/","logo":{"@type":"ImageObject","inLanguage":"fr-FR","@id":"https:\/\/1159finance.com\/fr\/#\/schema\/logo\/image\/","url":"https:\/\/1159finance.com\/wp-content\/uploads\/2021\/05\/Logo_Regular.png","contentUrl":"https:\/\/1159finance.com\/wp-content\/uploads\/2021\/05\/Logo_Regular.png","width":1763,"height":269,"caption":"1159 Finance"},"image":{"@id":"https:\/\/1159finance.com\/fr\/#\/schema\/logo\/image\/"}}]}},"_links":{"self":[{"href":"https:\/\/1159finance.com\/fr\/wp-json\/wp\/v2\/pages\/1139","targetHints":{"allow":["GET"]}}],"collection":[{"href":"https:\/\/1159finance.com\/fr\/wp-json\/wp\/v2\/pages"}],"about":[{"href":"https:\/\/1159finance.com\/fr\/wp-json\/wp\/v2\/types\/page"}],"author":[{"embeddable":true,"href":"https:\/\/1159finance.com\/fr\/wp-json\/wp\/v2\/users\/3"}],"replies":[{"embeddable":true,"href":"https:\/\/1159finance.com\/fr\/wp-json\/wp\/v2\/comments?post=1139"}],"version-history":[{"count":7,"href":"https:\/\/1159finance.com\/fr\/wp-json\/wp\/v2\/pages\/1139\/revisions"}],"predecessor-version":[{"id":1251,"href":"https:\/\/1159finance.com\/fr\/wp-json\/wp\/v2\/pages\/1139\/revisions\/1251"}],"wp:attachment":[{"href":"https:\/\/1159finance.com\/fr\/wp-json\/wp\/v2\/media?parent=1139"}],"curies":[{"name":"wp","href":"https:\/\/api.w.org\/{rel}","templated":true}]}}